{"id":2496,"date":"2021-07-24T06:49:31","date_gmt":"2021-03-09T14:34:09","guid":{"rendered":"https:\/\/37.59.63.175:4443\/?page_id=2496"},"modified":"2025-11-08T13:08:34","modified_gmt":"2025-11-08T11:08:34","slug":"menu-2","status":"publish","type":"page","link":"https:\/\/www.lalanterna-lons.fr\/?page_id=2496","title":{"rendered":"Notre Carte"},"content":{"rendered":"\n<div class=\"wp-block-columns is-layout-flex wp-container-core-columns-is-layout-1 wp-block-columns-is-layout-flex\">\n<div class=\"wp-block-column is-layout-flow wp-block-column-is-layout-flow\">\n<div class=\"wp-block-buttons is-horizontal is-content-justification-center is-layout-flex wp-container-core-buttons-is-layout-1 wp-block-buttons-is-layout-flex\">\n<div class=\"wp-block-button is-style-outline\"><a class=\"wp-block-button__link wp-element-button\" rel=\"#lunch\">Pizzas<\/a><\/div>\n<\/div>\n\n\n\n<div class=\"wp-block-buttons is-horizontal is-content-justification-center is-layout-flex wp-container-core-buttons-is-layout-2 wp-block-buttons-is-layout-flex\">\n<div class=\"wp-block-button is-style-outline\"><a class=\"wp-block-button__link wp-element-button\" rel=\"#lunch\">Plats<\/a><\/div>\n<\/div>\n<\/div>\n\n\n\n<div class=\"wp-block-column is-layout-flow wp-block-column-is-layout-flow\">\n<div class=\"wp-block-buttons is-horizontal is-content-justification-center is-layout-flex wp-container-core-buttons-is-layout-3 wp-block-buttons-is-layout-flex\">\n<div class=\"wp-block-button is-style-outline\"><a class=\"wp-block-button__link wp-element-button\" rel=\"#dessert\">Dessert<\/a><\/div>\n<\/div>\n\n\n\n<div class=\"wp-block-buttons is-horizontal is-content-justification-center is-layout-flex wp-container-core-buttons-is-layout-4 wp-block-buttons-is-layout-flex\">\n<div class=\"wp-block-button is-style-outline\"><a class=\"wp-block-button__link wp-element-button\" rel=\"#dessert\">Boissons<\/a><\/div>\n<\/div>\n<\/div>\n<\/div>\n\n\n\n<hr class=\"wp-block-separator has-css-opacity is-style-dots\"\/>\n\n\n\n<h2 class=\"wp-block-heading has-text-align-center has-huge-font-size\" id=\"lunch\">Pizzas <\/h2>\n\n\n\n<div class=\"wp-block-columns is-layout-flex wp-container-core-columns-is-layout-2 wp-block-columns-is-layout-flex\">\n<div class=\"wp-block-column is-layout-flow wp-block-column-is-layout-flow\" style=\"flex-basis:33.33%\">\n<h2 class=\"wp-block-heading\">Classico<\/h2>\n<\/div>\n\n\n\n<div class=\"wp-block-column is-layout-flow wp-block-column-is-layout-flow\" style=\"flex-basis:66.66%\">\n<p>Toutes modifications, ajout (\u0153uf) et fa\u00e7onnage en calzone seront factur\u00e9s 1,50\u20ac suppl\u00e9mentaire par prestation<\/p>\n\n\n\n<h4 class=\"wp-block-heading\">Margherita _______________________<\/h4>\n\n\n\n<p>Coulis tomate, mozzarella, herbes<\/p>\n\n\n\n<p>Demi: 11,00\u20ac | Normale: 13,50\u20ac<\/p>\n\n\n\n<h4 class=\"wp-block-heading\">Napoli ____________________________<\/h4>\n\n\n\n<p class=\"has-extra-small-font-size\" style=\"line-height:1\">Coulis tomate, mozzarella, anchois, c\u00e2pres<\/p>\n\n\n\n<p>Demi: 11,00\u20ac | Normale: 13,50\u20ac<\/p>\n\n\n\n<h4 class=\"wp-block-heading\">Prosciutto cotto __________________<\/h4>\n\n\n\n<p class=\"has-extra-small-font-size\" style=\"line-height:1\">Coulis Tomate, mozzarella, jambon blanc<\/p>\n\n\n\n<p>Demi: 11,00\u20ac | Normale: 13,50\u20ac<\/p>\n<\/div>\n<\/div>\n\n\n\n<div class=\"wp-block-columns is-layout-flex wp-container-core-columns-is-layout-3 wp-block-columns-is-layout-flex\">\n<div class=\"wp-block-column is-layout-flow wp-block-column-is-layout-flow\" style=\"flex-basis:33.33%\">\n<h2 class=\"wp-block-heading\">Classico<\/h2>\n<\/div>\n\n\n\n<div class=\"wp-block-column is-layout-flow wp-block-column-is-layout-flow\" style=\"flex-basis:66.66%\">\n<h4 class=\"wp-block-heading\">Verdure ( ou VEGAN sans mozzarella )_____________<\/h4>\n\n\n\n<p class=\"has-extra-small-font-size\" style=\"line-height:1\">Coulis tomate, mozzarella, l\u00e9gumes du moment<\/p>\n\n\n\n<p class=\"has-extra-small-font-size\" style=\"line-height:1\">Demi: 11,00\u20ac | Normale: 13,50\u20ac<\/p>\n\n\n\n<h4 class=\"wp-block-heading\">Prosciutto e funghi ____________<\/h4>\n\n\n\n<p class=\"has-extra-small-font-size\" style=\"line-height:1\">Coulis tomate, mozzarella, jambon blanc, champignons<\/p>\n\n\n\n<p class=\"has-extra-small-font-size\" style=\"line-height:1\">Demi: 11,00\u20ac | Normale: 13,50\u20ac<\/p>\n\n\n\n<h4 class=\"wp-block-heading\">Diavola __________________________<\/h4>\n\n\n\n<p class=\"has-extra-small-font-size\" style=\"line-height:1\">Coulis tomate, mozzarella, Spianata Piccante<\/p>\n\n\n\n<p>Demi: 11,00\u20ac | Normale: 13,50\u20ac<\/p>\n\n\n\n<h4 class=\"wp-block-heading\">Campagnola ______________________<\/h4>\n\n\n\n<p class=\"has-extra-small-font-size\" style=\"line-height:1\">Cr\u00e8me, mozzarella, lardons fum\u00e9s, \u00e9pices<\/p>\n\n\n\n<p>Demi: 11,00\u20ac | Normale: 13,50\u20ac<\/p>\n\n\n\n<h4 class=\"wp-block-heading\">Capre Di Miele ___________________<\/h4>\n\n\n\n<p class=\"has-extra-small-font-size\" style=\"line-height:1\">Cr\u00e8me, mozzarella, ch\u00e8vre, miel, noix <\/p>\n\n\n\n<p>Demi: 11,00\u20ac | Normale: 13,50\u20ac<\/p>\n\n\n\n<h4 class=\"wp-block-heading\">Tonno ___________________________<\/h4>\n\n\n\n<p class=\"has-extra-small-font-size\" style=\"line-height:1\">Coulis tomate, mozzarella, champignons, thon<\/p>\n\n\n\n<p>Demi: 11,00\u20ac | Normale: 13,50\u20ac<\/p>\n\n\n\n<h4 class=\"wp-block-heading\">4 formaggi ________________________<\/h4>\n\n\n\n<p class=\"has-extra-small-font-size\" style=\"line-height:1\">Coulis tomate, (ou cr\u00e8me) mozzarella, ch\u00e8vre, gorgonzola, emmental<\/p>\n\n\n\n<p>Demi: 11,00\u20ac | Normale: 13,50\u20ac<\/p>\n\n\n\n<h4 class=\"wp-block-heading\">Calabrese ________________________<\/h4>\n\n\n\n<p class=\"has-extra-small-font-size\" style=\"line-height:1\">Cr\u00e8me ou tomate, mozzarella, parmesan, champignons, jambon cru <\/p>\n\n\n\n<p>Demi: 11,00\u20ac | Normale: 13,50\u20ac<\/p>\n\n\n\n<h4 class=\"wp-block-heading\">Boscaiola _________________________<\/h4>\n\n\n\n<p class=\"has-extra-small-font-size\" style=\"line-height:1\">Coulis de tomate, mozzarella \u00e9gren\u00e9 de b\u0153uf, champignons<\/p>\n\n\n\n<p>Demi: 11,00\u20ac | Normale: 13,50\u20ac<\/p>\n\n\n\n<h4 class=\"wp-block-heading\">Carn\u00e9 ____________________________<\/h4>\n\n\n\n<p class=\"has-extra-small-font-size\" style=\"line-height:1\">Coulis tomate, mozzarella, \u00e9gren\u00e9 de b\u0153uf, lardons fum\u00e9s, ( saucisse ou spianata piquante )<\/p>\n\n\n\n<p>Demi: 11,00\u20ac | Normale: 13,50\u20ac<\/p>\n\n\n\n<h4 class=\"wp-block-heading\">curry di salsiccia di pepe ________<\/h4>\n\n\n\n<p class=\"has-extra-small-font-size\" style=\"line-height:1\">Cr\u00e8me, mozzarella, saucisse, poivrons, curry<\/p>\n\n\n\n<p>Demi: 11,00\u20ac | Normale: 13,50\u20ac<\/p>\n\n\n\n<h4 class=\"wp-block-heading\">Lanterna _________________________<\/h4>\n\n\n\n<p class=\"has-extra-small-font-size\" style=\"line-height:1\">Coulis tomate, mozzarella, spianata piquante, champignons, thon<\/p>\n\n\n\n<p>Demi: 11,00\u20ac | Normale: 13,50\u20ac<\/p>\n<\/div>\n<\/div>\n\n\n\n<div class=\"wp-block-columns is-layout-flex wp-container-core-columns-is-layout-4 wp-block-columns-is-layout-flex\">\n<div class=\"wp-block-column is-layout-flow wp-block-column-is-layout-flow\" style=\"flex-basis:33.33%\">\n<h2 class=\"wp-block-heading\">Les R\u00e9gionales<\/h2>\n<\/div>\n\n\n\n<div class=\"wp-block-column is-layout-flow wp-block-column-is-layout-flow\" style=\"flex-basis:66.66%\">\n<h4 class=\"wp-block-heading\">Sur Cr\u00e8me Mozzarella<\/h4>\n\n\n\n<h4 class=\"wp-block-heading\">Viande aux choix   _______________<\/h4>\n\n\n\n<ul>\n<li>Lardons fum\u00e9es<\/li>\n\n\n\n<li>Saucisse<\/li>\n\n\n\n<li>Jambon blanc fum\u00e9e<\/li>\n<\/ul>\n\n\n\n<h4 class=\"wp-block-heading\">Fromage aux choix   _______________<\/h4>\n\n\n\n<ul>\n<li>Morbier<\/li>\n\n\n\n<li>Comt\u00e9<\/li>\n\n\n\n<li>Cancoillotte<\/li>\n<\/ul>\n\n\n\n<p>Demi: 13,50\u20ac | Normale: 16,50\u20ac<\/p>\n<\/div>\n<\/div>\n\n\n\n<div class=\"wp-block-columns is-layout-flex wp-container-core-columns-is-layout-5 wp-block-columns-is-layout-flex\">\n<div class=\"wp-block-column is-layout-flow wp-block-column-is-layout-flow\" style=\"flex-basis:33.33%\">\n<h2 class=\"wp-block-heading\">Les Irresistibles<\/h2>\n<\/div>\n\n\n\n<div class=\"wp-block-column is-layout-flow wp-block-column-is-layout-flow\" style=\"flex-basis:66.66%\">\n<h4 class=\"wp-block-heading\">Jurassi\u00e8nne _______________________<\/h4>\n\n\n\n<p class=\"has-extra-small-font-size\" style=\"line-height:1\">Cr\u00e8me, mozzarella, poulet fermier ou saucisse de Montb\u00e9liard, morilles, vin blanc<\/p>\n\n\n\n<p>Demi: 16,50\u20ac | Normale: 19,50\u20ac<\/p>\n\n\n\n<h4 class=\"wp-block-heading\">Salmone ________________________<\/h4>\n\n\n\n<p class=\"has-extra-small-font-size\" style=\"line-height:1\">Cr\u00e8me, mozzarella, saumon<\/p>\n\n\n\n<p>Demi: 16,50\u20ac | Normale: 19,50\u20ac<\/p>\n\n\n\n<h4 class=\"wp-block-heading\">Tartufo ________________________<\/h4>\n\n\n\n<p class=\"has-extra-small-font-size\" style=\"line-height:1\">Cr\u00e8me truff\u00e9e, mozzarella, ingr\u00e9dients aux choix<\/p>\n\n\n\n<p>(lardons fum\u00e9es, jambon blanc, fromages, saucisse)<\/p>\n\n\n\n<p>Demi: 16,50\u20ac | Normale: 19,50\u20ac<\/p>\n<\/div>\n<\/div>\n\n\n\n<hr class=\"wp-block-separator has-css-opacity is-style-dots\"\/>\n\n\n\n<h2 class=\"wp-block-heading has-text-align-center has-huge-font-size\" id=\"dinner\">Trattoria par Crazy Boy<\/h2>\n\n\n\n<div class=\"wp-block-columns is-layout-flex wp-container-core-columns-is-layout-6 wp-block-columns-is-layout-flex\">\n<div class=\"wp-block-column is-layout-flow wp-block-column-is-layout-flow\" style=\"flex-basis:33.33%\"><\/div>\n\n\n\n<div class=\"wp-block-column is-layout-flow wp-block-column-is-layout-flow\" style=\"flex-basis:66.66%\">\n<h2 class=\"wp-block-heading\">PASTA par Crazy Boy<\/h2>\n\n\n\n<h5 class=\"wp-block-heading\">Cannelloni _______________________ 13,50\u20ac<\/h5>\n\n\n\n<p>Tomate, \u00e9pinards, ricotta, fromage de ch\u00e8vre, mozzarella<\/p>\n\n\n\n<h5 class=\"wp-block-heading\">Lasagne di Manzo ______________ 13,50\u20ac<\/h5>\n\n\n\n<p>Pr\u00e9paration de b\u0153uf \u00e0 la tomate<\/p>\n\n\n\n<h5 class=\"wp-block-heading\">Lasagne Alle Verdure ____________ 13,50\u20ac<\/h5>\n\n\n\n<p>Pr\u00e9paration \u00e0 base de l\u00e9gumes du moment<\/p>\n\n\n\n<h5 class=\"wp-block-heading\">Lasagne di Salmone _____________ 16,50\u20ac<\/h5>\n\n\n\n<p>Pr\u00e9paration de Saumon, cr\u00e8me, \u00e9pinards<\/p>\n\n\n\n<h5 class=\"wp-block-heading\">Pasta Salsa Pomodoro __________ 13,50\u20ac<\/h5>\n\n\n\n<p>P\u00e2tes \u00e0 la sauce tomate<\/p>\n\n\n\n<h5 class=\"wp-block-heading\">Pasta con Spugnole _____________ 16,50\u20ac<\/h5>\n\n\n\n<p>P\u00e2tes aux morilles cr\u00e8me parmesan <\/p>\n\n\n\n<h5 class=\"wp-block-heading\">Pasta Alla Carbonara __________ 13,50\u20ac<\/h5>\n\n\n\n<p>P\u00e2tes lardons fum\u00e9s parmesan \u0153uf<\/p>\n<\/div>\n<\/div>\n\n\n\n<hr class=\"wp-block-separator has-css-opacity is-style-dots\"\/>\n\n\n\n<div class=\"wp-block-columns is-layout-flex wp-container-core-columns-is-layout-7 wp-block-columns-is-layout-flex\">\n<div class=\"wp-block-column is-layout-flow wp-block-column-is-layout-flow\" style=\"flex-basis:33.33%\"><\/div>\n\n\n\n<div class=\"wp-block-column is-layout-flow wp-block-column-is-layout-flow\" style=\"flex-basis:66.66%\">\n<h2 class=\"wp-block-heading\">Insalata par Crazy Boy<\/h2>\n\n\n\n<h5 class=\"wp-block-heading\">Petite salade verte _________________ 3,00\u20ac<\/h5>\n\n\n\n<h5 class=\"wp-block-heading\">Insalata Crudo _________________ 13,50\u20ac<\/h5>\n\n\n\n<p>Salade verte, Jambon cru, Champignons, Parmesan<\/p>\n\n\n\n<h5 class=\"wp-block-heading\">Insalata Prosciutto cotto ________ 13,50\u20ac<\/h5>\n\n\n\n<p>Salade verte, Tomate, Jambon Blanc, Parmesan<\/p>\n\n\n\n<h5 class=\"wp-block-heading\">Inslata Capra Calda___________ 13,50\u20ac<\/h5>\n\n\n\n<p>Salade verte, Toasts de ch\u00e8vre, jambon cru, parmesan<\/p>\n\n\n\n<h5 class=\"wp-block-heading\">Inslata \u00e9 Contorno Del Giorno____ 13,50\u20ac<\/h5>\n\n\n\n<p>Salade verte et accompagnement du jour<\/p>\n\n\n\n<h5 class=\"wp-block-heading\">Inslata \u00e9 Torta Del Giorno______ 13,50\u20ac<\/h5>\n\n\n\n<p>Salade verte et tarte du jour<\/p>\n<\/div>\n<\/div>\n\n\n\n<hr class=\"wp-block-separator has-css-opacity is-style-dots\"\/>\n\n\n\n<h2 class=\"wp-block-heading has-text-align-center has-huge-font-size\" id=\"dessert\">Dolce<\/h2>\n\n\n\n<div class=\"wp-block-columns is-layout-flex wp-container-core-columns-is-layout-8 wp-block-columns-is-layout-flex\">\n<div class=\"wp-block-column is-layout-flow wp-block-column-is-layout-flow\" style=\"flex-basis:33.33%\"><\/div>\n\n\n\n<div class=\"wp-block-column is-layout-flow wp-block-column-is-layout-flow\" style=\"flex-basis:66.66%\">\n<p>Fabrication Maison_______________________ 7,00\u20ac<\/p>\n\n\n\n<ul>\n<li>Tiramisu<\/li>\n\n\n\n<li><em>Panna Cotta<\/em><\/li>\n\n\n\n<li>Cr\u00e8me brul\u00e9e<\/li>\n\n\n\n<li>Mousse au chocolat<\/li>\n<\/ul>\n\n\n\n<p>Suggestion du Jour _____________________ 9,00\u20ac<\/p>\n\n\n\n<ul>\n<li>Assiette gourmande pr\u00e9par\u00e9e minute<\/li>\n\n\n\n<li>Desserts Glac\u00e9s<\/li>\n<\/ul>\n\n\n\n<p>Caf\u00e9 _____________________________________ 2,00\u20ac<\/p>\n\n\n\n<p>Caf\u00e9 au lait, Caf\u00e9 double________________ 3,50\u20ac<\/p>\n\n\n\n<p>Caf\u00e9 allong\u00e9 ____________________________ 3,50\u20ac<\/p>\n\n\n\n<p>Th\u00e9, chocolat, infusion __________________ 3,50\u20ac<\/p>\n<\/div>\n<\/div>\n\n\n\n<hr class=\"wp-block-separator has-css-opacity is-style-dots\"\/>\n\n\n\n<div class=\"wp-block-columns is-layout-flex wp-container-core-columns-is-layout-9 wp-block-columns-is-layout-flex\">\n<div class=\"wp-block-column is-layout-flow wp-block-column-is-layout-flow\" style=\"flex-basis:33.33%\"><\/div>\n<\/div>\n\n\n\n<p><\/p>\n","protected":false},"excerpt":{"rendered":"<p>Pizzas Classico Toutes modifications, ajout (\u0153uf) et fa\u00e7onnage en calzone seront factur\u00e9s 1,50\u20ac suppl\u00e9mentaire par prestation Margherita _______________________ Coulis tomate, mozzarella, herbes Demi: 11,00\u20ac | Normale: 13,50\u20ac Napoli ____________________________ Coulis tomate, mozzarella, anchois, c\u00e2pres Demi: 11,00\u20ac | Normale: 13,50\u20ac Prosciutto cotto __________________ Coulis Tomate, mozzarella, jambon blanc Demi: 11,00\u20ac | Normale: 13,50\u20ac Classico Verdure ( [&hellip;]<\/p>\n","protected":false},"author":1,"featured_media":0,"parent":0,"menu_order":0,"comment_status":"closed","ping_status":"closed","template":"","meta":{"_mi_skip_tracking":false,"footnotes":""},"_links":{"self":[{"href":"https:\/\/www.lalanterna-lons.fr\/index.php?rest_route=\/wp\/v2\/pages\/2496"}],"collection":[{"href":"https:\/\/www.lalanterna-lons.fr\/index.php?rest_route=\/wp\/v2\/pages"}],"about":[{"href":"https:\/\/www.lalanterna-lons.fr\/index.php?rest_route=\/wp\/v2\/types\/page"}],"author":[{"embeddable":true,"href":"https:\/\/www.lalanterna-lons.fr\/index.php?rest_route=\/wp\/v2\/users\/1"}],"replies":[{"embeddable":true,"href":"https:\/\/www.lalanterna-lons.fr\/index.php?rest_route=%2Fwp%2Fv2%2Fcomments&post=2496"}],"version-history":[{"count":373,"href":"https:\/\/www.lalanterna-lons.fr\/index.php?rest_route=\/wp\/v2\/pages\/2496\/revisions"}],"predecessor-version":[{"id":3158,"href":"https:\/\/www.lalanterna-lons.fr\/index.php?rest_route=\/wp\/v2\/pages\/2496\/revisions\/3158"}],"wp:attachment":[{"href":"https:\/\/www.lalanterna-lons.fr\/index.php?rest_route=%2Fwp%2Fv2%2Fmedia&parent=2496"}],"curies":[{"name":"wp","href":"https:\/\/api.w.org\/{rel}","templated":true}]}}